{"id":2944,"date":"2024-11-07T23:02:08","date_gmt":"2024-11-07T23:02:08","guid":{"rendered":"https:\/\/contemplatemoroccotravel.com\/?page_id=2944"},"modified":"2024-12-18T23:39:54","modified_gmt":"2024-12-18T23:39:54","slug":"benefits","status":"publish","type":"page","link":"https:\/\/contemplatemoroccotravel.com\/de\/benefits\/","title":{"rendered":"BENEFITS"},"content":{"rendered":"\t\t<div data-elementor-type=\"wp-page\" data-elementor-id=\"2944\" class=\"elementor elementor-2944\" data-elementor-post-type=\"page\">\n\t\t\t\t<div data-particle_enable=\"false\" data-particle-mobile-disabled=\"false\" class=\"elementor-element elementor-element-3aa8755 e-flex e-con-boxed e-con e-parent\" data-id=\"3aa8755\" data-element_type=\"container\" data-e-type=\"container\" data-settings=\"{&quot;background_background&quot;:&quot;classic&quot;}\">\n\t\t\t\t\t<div class=\"e-con-inner\">\n\t\t\t\t<div class=\"elementor-element elementor-element-53bad99 elementor-widget__width-inherit elementor-invisible elementor-widget elementor-widget-heading\" data-id=\"53bad99\" data-element_type=\"widget\" data-e-type=\"widget\" data-settings=\"{&quot;_animation&quot;:&quot;fadeIn&quot;,&quot;ekit_we_effect_on&quot;:&quot;none&quot;}\" data-widget_type=\"heading.default\">\n\t\t\t\t<div class=\"elementor-widget-container\">\n\t\t\t\t\t<h2 class=\"elementor-heading-title elementor-size-default\">Benefits <\/h2>\t\t\t\t<\/div>\n\t\t\t\t<\/div>\n\t\t\t\t<div class=\"elementor-element elementor-element-7d0f3a2 elementor-icon-list--layout-inline elementor-align-center elementor-list-item-link-full_width elementor-invisible elementor-widget elementor-widget-icon-list\" data-id=\"7d0f3a2\" data-element_type=\"widget\" data-e-type=\"widget\" data-settings=\"{&quot;_animation&quot;:&quot;fadeIn&quot;,&quot;_animation_delay&quot;:200,&quot;ekit_we_effect_on&quot;:&quot;none&quot;}\" data-widget_type=\"icon-list.default\">\n\t\t\t\t<div class=\"elementor-widget-container\">\n\t\t\t\t\t\t\t<ul class=\"elementor-icon-list-items elementor-inline-items\">\n\t\t\t\t\t\t\t<li class=\"elementor-icon-list-item elementor-inline-item\">\n\t\t\t\t\t\t\t\t\t\t\t<a href=\"https:\/\/contemplatemoroccotravel.com\/de\/\">\n\n\t\t\t\t\t\t\t\t\t\t\t<span class=\"elementor-icon-list-text\">Home<\/span>\n\t\t\t\t\t\t\t\t\t\t\t<\/a>\n\t\t\t\t\t\t\t\t\t<\/li>\n\t\t\t\t\t\t\t\t<li class=\"elementor-icon-list-item elementor-inline-item\">\n\t\t\t\t\t\t\t\t\t\t\t<a href=\"https:\/\/contemplatemoroccotravel.com\/de\/benefits\/\">\n\n\t\t\t\t\t\t\t\t\t\t\t\t<span class=\"elementor-icon-list-icon\">\n\t\t\t\t\t\t\t<i aria-hidden=\"true\" class=\"icon icon-right-arrow\"><\/i>\t\t\t\t\t\t<\/span>\n\t\t\t\t\t\t\t\t\t\t<span class=\"elementor-icon-list-text\">BENEFITS<\/span>\n\t\t\t\t\t\t\t\t\t\t\t<\/a>\n\t\t\t\t\t\t\t\t\t<\/li>\n\t\t\t\t\t\t<\/ul>\n\t\t\t\t\t\t<\/div>\n\t\t\t\t<\/div>\n\t\t\t\t\t<\/div>\n\t\t\t\t<\/div>\n\t\t<div data-particle_enable=\"false\" data-particle-mobile-disabled=\"false\" class=\"elementor-element elementor-element-317d2b5 e-flex e-con-boxed e-con e-parent\" data-id=\"317d2b5\" data-element_type=\"container\" data-e-type=\"container\">\n\t\t\t\t\t<div class=\"e-con-inner\">\n\t\t<div data-particle_enable=\"false\" data-particle-mobile-disabled=\"false\" class=\"elementor-element elementor-element-2c49e84 e-con-full e-flex e-con e-child\" data-id=\"2c49e84\" data-element_type=\"container\" data-e-type=\"container\">\n\t\t\t\t<div class=\"elementor-element elementor-element-168905b elementor-widget__width-inherit elementor-invisible elementor-widget elementor-widget-text-editor\" data-id=\"168905b\" data-element_type=\"widget\" data-e-type=\"widget\" data-settings=\"{&quot;_animation&quot;:&quot;fadeIn&quot;,&quot;ekit_we_effect_on&quot;:&quot;none&quot;}\" data-widget_type=\"text-editor.default\">\n\t\t\t\t<div class=\"elementor-widget-container\">\n\t\t\t\t\t\t\t\t\t<p>BENEFITS<\/p>\t\t\t\t\t\t\t\t<\/div>\n\t\t\t\t<\/div>\n\t\t\t\t<div class=\"elementor-element elementor-element-1cfc4fe premium-title-color elementor-widget elementor-widget-premium-addon-title\" data-id=\"1cfc4fe\" data-element_type=\"widget\" data-e-type=\"widget\" data-settings=\"{&quot;ekit_we_effect_on&quot;:&quot;none&quot;}\" data-widget_type=\"premium-addon-title.default\">\n\t\t\t\t<div class=\"elementor-widget-container\">\n\t\t\t\t\t\r\n\t\t<div class=\"premium-title-container style1\">\r\n\t\t\t<h2 class=\"premium-title-header premium-title-style1\">\r\n\t\t\t\t\r\n\t\t\t\t\r\n\t\t\t\t\t\t\t\t\t\t\t\t<span class=\"premium-title-text\" >\r\n\t\t\t\t\tVorteile der Wahl von  <br>Contemplate Morocco Travel\t\t\t\t<\/span>\r\n\t\t\t\t\t\r\n\t\t\t\t\t\t\t\t\t\t\t<\/h2>\r\n\t\t<\/div>\r\n\r\n\t\t\t\t\t\t<\/div>\n\t\t\t\t<\/div>\n\t\t\t\t<div class=\"elementor-element elementor-element-cbf051f elementor-invisible elementor-widget elementor-widget-text-editor\" data-id=\"cbf051f\" data-element_type=\"widget\" data-e-type=\"widget\" data-settings=\"{&quot;_animation&quot;:&quot;fadeIn&quot;,&quot;_animation_delay&quot;:400,&quot;ekit_we_effect_on&quot;:&quot;none&quot;}\" data-widget_type=\"text-editor.default\">\n\t\t\t\t<div class=\"elementor-widget-container\">\n\t\t\t\t\t\t\t\t\t<p>Bei Contemplate Morocco Travel kreieren wir Reisen, die so einzigartig sind wie Sie selbst. Mit \u00fcber 30 Jahren Erfahrung vor Ort bieten wir authentische Erlebnisse und exklusiven Zugang zu Marokkos verborgenen Sch\u00e4tzen. Sie \u00fcbernachten in luxuri\u00f6sen Unterk\u00fcnften, von Boutique-Hotels bis hin zu W\u00fcstencamps, und unterst\u00fctzen gleichzeitig einen nachhaltigen Tourismus, der die lokalen Gemeinschaften st\u00e4rkt. Unser Team k\u00fcmmert sich um jedes Detail, so\u00a0dass Sie sich entspannen und ganz in die faszinierende Sch\u00f6nheit Marokkos eintauchen k\u00f6nnen, frei von logistischen Sorgen.<\/p>\t\t\t\t\t\t\t\t<\/div>\n\t\t\t\t<\/div>\n\t\t\t\t<\/div>\n\t\t<div data-particle_enable=\"false\" data-particle-mobile-disabled=\"false\" class=\"elementor-element elementor-element-f86ab76 e-con-full e-flex e-con e-child\" data-id=\"f86ab76\" data-element_type=\"container\" data-e-type=\"container\">\n\t\t<div data-particle_enable=\"false\" data-particle-mobile-disabled=\"false\" class=\"elementor-element elementor-element-5a4f927 e-con-full e-flex elementor-invisible e-con e-child\" data-id=\"5a4f927\" data-element_type=\"container\" data-e-type=\"container\" data-settings=\"{&quot;background_background&quot;:&quot;classic&quot;,&quot;animation&quot;:&quot;fadeIn&quot;}\">\n\t\t\t\t<div class=\"elementor-element elementor-element-8fd4c4b elementor-invisible elementor-widget elementor-widget-image\" data-id=\"8fd4c4b\" data-element_type=\"widget\" data-e-type=\"widget\" data-settings=\"{&quot;_animation&quot;:&quot;fadeIn&quot;,&quot;_animation_delay&quot;:200,&quot;motion_fx_motion_fx_scrolling&quot;:&quot;yes&quot;,&quot;motion_fx_translateY_effect&quot;:&quot;yes&quot;,&quot;motion_fx_translateY_speed&quot;:{&quot;unit&quot;:&quot;px&quot;,&quot;size&quot;:1,&quot;sizes&quot;:[]},&quot;ekit_we_effect_on&quot;:&quot;none&quot;,&quot;motion_fx_translateY_affectedRange&quot;:{&quot;unit&quot;:&quot;%&quot;,&quot;size&quot;:&quot;&quot;,&quot;sizes&quot;:{&quot;start&quot;:0,&quot;end&quot;:100}},&quot;motion_fx_devices&quot;:[&quot;desktop&quot;,&quot;tablet&quot;,&quot;mobile&quot;]}\" data-widget_type=\"image.default\">\n\t\t\t\t<div class=\"elementor-widget-container\">\n\t\t\t\t\t\t\t\t\t\t\t\t\t\t\t<img fetchpriority=\"high\" decoding=\"async\" width=\"768\" height=\"1024\" src=\"https:\/\/contemplatemoroccotravel.com\/wp-content\/uploads\/2024\/11\/pexels-tugce-turan-275581022-25905832-768x1024.jpg\" class=\"attachment-large size-large wp-image-723\" alt=\"\" srcset=\"https:\/\/contemplatemoroccotravel.com\/wp-content\/uploads\/2024\/11\/pexels-tugce-turan-275581022-25905832-768x1024.jpg 768w, https:\/\/contemplatemoroccotravel.com\/wp-content\/uploads\/2024\/11\/pexels-tugce-turan-275581022-25905832-225x300.jpg 225w, https:\/\/contemplatemoroccotravel.com\/wp-content\/uploads\/2024\/11\/pexels-tugce-turan-275581022-25905832-1152x1536.jpg 1152w, https:\/\/contemplatemoroccotravel.com\/wp-content\/uploads\/2024\/11\/pexels-tugce-turan-275581022-25905832-1536x2048.jpg 1536w, https:\/\/contemplatemoroccotravel.com\/wp-content\/uploads\/2024\/11\/pexels-tugce-turan-275581022-25905832-scaled.jpg 1920w\" sizes=\"(max-width: 768px) 100vw, 768px\" \/>\t\t\t\t\t\t\t\t\t\t\t\t\t\t\t<\/div>\n\t\t\t\t<\/div>\n\t\t\t\t<\/div>\n\t\t\t\t<\/div>\n\t\t\t\t\t<\/div>\n\t\t\t\t<\/div>\n\t\t<div data-particle_enable=\"false\" data-particle-mobile-disabled=\"false\" class=\"elementor-element elementor-element-55b1f72 e-con-full e-flex e-con e-parent\" data-id=\"55b1f72\" data-element_type=\"container\" data-e-type=\"container\">\n\t\t\t\t<div class=\"elementor-element elementor-element-455dc72 elementor-widget elementor-widget-eael-content-timeline\" data-id=\"455dc72\" data-element_type=\"widget\" data-e-type=\"widget\" data-settings=\"{&quot;ekit_we_effect_on&quot;:&quot;none&quot;}\" data-widget_type=\"eael-content-timeline.default\">\n\t\t\t\t<div class=\"elementor-widget-container\">\n\t\t\t\t\t\t\t<div id=\"eael-content-timeline-455dc72\" class=\"content-timeline-layout-center date-position- horizontal-timeline-wrapper\" data-slide_to_scroll=\"{&quot;desktop&quot;:1,&quot;tablet&quot;:1,&quot;mobile&quot;:1}\">\n\t\t\t<div class=\"eael-content-timeline-container\">\n\t\t\t\t<div class=\"eael-content-timeline-container\">\n\t\t\t\t\t\t\t\t\t\t\t\t\t\t\t\t\t\t\t\t\t\t\t<div class=\"eael-content-timeline-block\">\n    <div class=\"eael-content-timeline-line\">\n        <div class=\"eael-content-timeline-inner\"><\/div>\n    <\/div>\n    <div class=\"eael-content-timeline-img eael-picture \"><img decoding=\"async\" class=\"content-timeline-bullet-svg\" src=\"https:\/\/contemplatemoroccotravel.com\/wp-content\/uploads\/2024\/11\/number-1-svgrepo-com-1.svg\" alt=\"\" \/><\/div><div class=\"eael-content-timeline-content\"><h2 class=\"eael-timeline-title\"><a href=\"\"><\/a><\/h2><p>Wir wissen, dass jeder Reisende einzigartig ist. Deshalb sind wir darauf spezialisiert, ma\u00dfgeschneiderte Reiserouten zu erstellen, die Ihre Interessen, besonderen W\u00fcnsche und Ihren Reisestil widerspiegeln. Ganz gleich, ob Sie auf der Suche nach Abenteuern, Luxus, Kulturerlebnissen oder irgendetwas dazwischen sind - wir stellen eine Reise zusammen, die perfekt zu Ihnen passt.<\/p><span class=\"eael-date\">Ma\u00dfgeschneiderte Erlebnisse<\/span><\/div><\/div>\t\t\t\t\t\t\t\t\t\t\t\t\t\t\t\t\t\t<div class=\"eael-content-timeline-block\">\n    <div class=\"eael-content-timeline-line\">\n        <div class=\"eael-content-timeline-inner\"><\/div>\n    <\/div>\n    <div class=\"eael-content-timeline-img eael-picture \"><img decoding=\"async\" class=\"content-timeline-bullet-svg\" src=\"https:\/\/contemplatemoroccotravel.com\/wp-content\/uploads\/2024\/11\/number-2-svgrepo-com.svg\" alt=\"\" \/><\/div><div class=\"eael-content-timeline-content\"><h2 class=\"eael-timeline-title\"><a href=\"\"><\/a><\/h2><p>Mit \u00fcber 30 Jahren Erfahrung im marokkanischen Tourismus bietet unser Team fundiertes Wissen und Insider-Zugang zu den faszinierendsten Zielen des Landes. Wir sorgen daf\u00fcr, dass Sie das authentische Marokko jenseits der typischen Touristenpfade erleben und bringen Sie mit den lokalen Kulturen, Traditionen und verborgenen Sch\u00e4tzen in Kontakt.<\/p><span class=\"eael-date\">Lokale Expertise und authentische Einblicke\u00a0<\/span><\/div><\/div>\t\t\t\t\t\t\t\t\t\t\t\t\t\t\t\t\t\t<div class=\"eael-content-timeline-block\">\n    <div class=\"eael-content-timeline-line\">\n        <div class=\"eael-content-timeline-inner\"><\/div>\n    <\/div>\n    <div class=\"eael-content-timeline-img eael-picture \"><img decoding=\"async\" class=\"content-timeline-bullet-svg\" src=\"https:\/\/contemplatemoroccotravel.com\/wp-content\/uploads\/2024\/11\/number-3-svgrepo-com.svg\" alt=\"\" \/><\/div><div class=\"eael-content-timeline-content\"><h2 class=\"eael-timeline-title\"><a href=\"\"><\/a><\/h2><p>Von Boutique-Hotels bis hin zu luxuri\u00f6sen W\u00fcstencamps arbeiten wir mit den besten Unterk\u00fcnften in Marokko zusammen, um Ihnen einen komfortablen und unvergesslichen Aufenthalt zu garantieren. Sie genie\u00dfen erstklassige Annehmlichkeiten und Dienstleistungen, die Ihre Reise durch Marokko nicht nur angenehm, sondern wahrhaft verw\u00f6hnend machen.<\/p><span class=\"eael-date\">Luxus und Komfort<\/span><\/div><\/div>\t\t\t\t\t\t\t\t\t\t\t\t\t\t\t\t\t\t<div class=\"eael-content-timeline-block\">\n    <div class=\"eael-content-timeline-line\">\n        <div class=\"eael-content-timeline-inner\"><\/div>\n    <\/div>\n    <div class=\"eael-content-timeline-img eael-picture \"><img decoding=\"async\" class=\"content-timeline-bullet-svg\" src=\"https:\/\/contemplatemoroccotravel.com\/wp-content\/uploads\/2024\/11\/number-4-svgrepo-com.svg\" alt=\"\" \/><\/div><div class=\"eael-content-timeline-content\"><h2 class=\"eael-timeline-title\"><a href=\"\"><\/a><\/h2><p>Wir engagieren uns f\u00fcr einen nachhaltigen Tourismus, der die Umwelt respektiert und die lokalen Gemeinschaften unterst\u00fctzt. Durch die Zusammenarbeit mit lokalen Anbietern und die F\u00f6rderung umweltfreundlicher Praktiken stellen wir sicher, dass Ihre Reise einen positiven Beitrag zum sozialen und \u00f6kologischen Wohlergehen Marokkos leistet.<\/p><span class=\"eael-date\">Nachhaltigkeit und soziale Verantwortung<\/span><\/div><\/div>\t\t\t\t\t\t\t\t\t\t\t\t\t\t\t\t\t\t<div class=\"eael-content-timeline-block\">\n    <div class=\"eael-content-timeline-line\">\n        <div class=\"eael-content-timeline-inner\"><\/div>\n    <\/div>\n    <div class=\"eael-content-timeline-img eael-picture \"><img decoding=\"async\" class=\"content-timeline-bullet-svg\" src=\"https:\/\/contemplatemoroccotravel.com\/wp-content\/uploads\/2024\/11\/number-5-svgrepo-com.svg\" alt=\"\" \/><\/div><div class=\"eael-content-timeline-content\"><h2 class=\"eael-timeline-title\"><a href=\"\"><\/a><\/h2><p>Von dem Moment an, in dem Sie sich mit uns in Verbindung setzen, bis zu dem Zeitpunkt, an dem Sie nach Hause zur\u00fcckkehren, k\u00fcmmern wir uns um alle Details \u2013 um Unterkunft, Transport, F\u00fchrungen und mehr - damit Sie sich voll und ganz auf Ihre Reise konzentrieren k\u00f6nnen.<\/p><span class=\"eael-date\">Nahtlose Planung und stressfreies Reisen<\/span><\/div><\/div>\t\t\t\t\t\t\t\t\t\t\t\t\t\t\t\t\t\t<div class=\"eael-content-timeline-block\">\n    <div class=\"eael-content-timeline-line\">\n        <div class=\"eael-content-timeline-inner\"><\/div>\n    <\/div>\n    <div class=\"eael-content-timeline-img eael-picture \"><img decoding=\"async\" class=\"content-timeline-bullet-svg\" src=\"https:\/\/contemplatemoroccotravel.com\/wp-content\/uploads\/2024\/11\/number-6-svgrepo-com.svg\" alt=\"\" \/><\/div><div class=\"eael-content-timeline-content\"><h2 class=\"eael-timeline-title\"><a href=\"\"><\/a><\/h2><p>Wir bieten Ihnen exklusiven Zugang zu Zielen abseits der ausgetretenen Pfade und einzigartige Erlebnisse, die Sie in Standardreisepaketen nicht finden werden. Ob ein privates Abendessen unter dem Sternenhimmel der Sahara oder eine gef\u00fchrte Tour durch Marokkos K\u00f6nigspal\u00e4ste - wir sorgen f\u00fcr Momente, die Ihre Reise wirklich unvergesslich machen.<\/p><span class=\"eael-date\">Exklusiver Zugang und besondere Erlebnisse\u00a0<\/span><\/div><\/div>\t\t\t\t\t\t\t\t\t\t\t\t\t\t\t\t\t\t<div class=\"eael-content-timeline-block\">\n    <div class=\"eael-content-timeline-line\">\n        <div class=\"eael-content-timeline-inner\"><\/div>\n    <\/div>\n    <div class=\"eael-content-timeline-img eael-picture \"><img decoding=\"async\" class=\"content-timeline-bullet-svg\" src=\"https:\/\/contemplatemoroccotravel.com\/wp-content\/uploads\/2024\/11\/number-7-svgrepo-com.svg\" alt=\"\" \/><\/div><div class=\"eael-content-timeline-content\"><h2 class=\"eael-timeline-title\"><a href=\"\"><\/a><\/h2><p>Unsere Reiseleiter sind nicht nur Experten f\u00fcr die marokkanische Geschichte, Kultur und Geografie, sondern sprechen auch mehrere Sprachen, darunter Englisch, Franz\u00f6sisch und Deutsch. Sie sind bestrebt, Ihnen ein pers\u00f6nliches und bereicherndes Erlebnis w\u00e4hrend Ihrer Reise zu bieten.<\/p><span class=\"eael-date\">Mehrsprachige F\u00fchrer und individueller Service<\/span><\/div><\/div>\t\t\t\t\t\t\t\t\t\t\t\t\t\t\t\t\t\t<div class=\"eael-content-timeline-block\">\n    <div class=\"eael-content-timeline-line\">\n        <div class=\"eael-content-timeline-inner\"><\/div>\n    <\/div>\n    <div class=\"eael-content-timeline-img eael-picture \"><img decoding=\"async\" class=\"content-timeline-bullet-svg\" src=\"https:\/\/contemplatemoroccotravel.com\/wp-content\/uploads\/2024\/11\/number-8-svgrepo-com.svg\" alt=\"\" \/><\/div><div class=\"eael-content-timeline-content\"><h2 class=\"eael-timeline-title\"><a href=\"\"><\/a><\/h2><p>Ihre Sicherheit und Ihr Komfort haben f\u00fcr uns oberste Priorit\u00e4t. Wir bieten Ihnen w\u00e4hrend Ihrer Reise 24 Stunden am Tag, 7 Tage die Woche Unterst\u00fctzung vor Ort, damit Sie bei Bedarf immer Hilfe bekommen. Reisen Sie mit der Gewissheit, dass Sie in guten H\u00e4nden sind.<\/p><span class=\"eael-date\">Sicherheit und Unterst\u00fctzung<\/span><\/div><\/div>\t\t\t\t<\/div>\n\t\t\t<\/div>\n\t\t<\/div>\n\t\t\t\t\t<\/div>\n\t\t\t\t<\/div>\n\t\t\t\t<\/div>\n\t\t\t\t<\/div>\n\t\t","protected":false},"excerpt":{"rendered":"<p>Benefits Home BENEFITS BENEFITS Vorteile der Wahl von Contemplate Morocco Travel Bei Contemplate Morocco Travel kreieren wir Reisen, die so einzigartig sind wie Sie selbst. Mit \u00fcber 30 Jahren Erfahrung vor Ort bieten wir authentische Erlebnisse und exklusiven Zugang zu Marokkos verborgenen Sch\u00e4tzen. Sie \u00fcbernachten in luxuri\u00f6sen Unterk\u00fcnften, von Boutique-Hotels bis hin zu W\u00fcstencamps, und [&hellip;]<\/p>\n","protected":false},"author":1,"featured_media":0,"parent":0,"menu_order":0,"comment_status":"closed","ping_status":"closed","template":"","meta":{"_eb_attr":"","footnotes":""},"class_list":["post-2944","page","type-page","status-publish","hentry"],"_links":{"self":[{"href":"https:\/\/contemplatemoroccotravel.com\/de\/wp-json\/wp\/v2\/pages\/2944","targetHints":{"allow":["GET"]}}],"collection":[{"href":"https:\/\/contemplatemoroccotravel.com\/de\/wp-json\/wp\/v2\/pages"}],"about":[{"href":"https:\/\/contemplatemoroccotravel.com\/de\/wp-json\/wp\/v2\/types\/page"}],"author":[{"embeddable":true,"href":"https:\/\/contemplatemoroccotravel.com\/de\/wp-json\/wp\/v2\/users\/1"}],"replies":[{"embeddable":true,"href":"https:\/\/contemplatemoroccotravel.com\/de\/wp-json\/wp\/v2\/comments?post=2944"}],"version-history":[{"count":13,"href":"https:\/\/contemplatemoroccotravel.com\/de\/wp-json\/wp\/v2\/pages\/2944\/revisions"}],"predecessor-version":[{"id":3116,"href":"https:\/\/contemplatemoroccotravel.com\/de\/wp-json\/wp\/v2\/pages\/2944\/revisions\/3116"}],"wp:attachment":[{"href":"https:\/\/contemplatemoroccotravel.com\/de\/wp-json\/wp\/v2\/media?parent=2944"}],"curies":[{"name":"wp","href":"https:\/\/api.w.org\/{rel}","templated":true}]}}