{"id":3033,"date":"2024-11-20T13:39:43","date_gmt":"2024-11-20T13:39:43","guid":{"rendered":"https:\/\/contemplatemoroccotravel.com\/?page_id=3033"},"modified":"2024-12-18T23:17:30","modified_gmt":"2024-12-18T23:17:30","slug":"treffen-mit-einheimischen-ein-tag-mit-einem-maalam","status":"publish","type":"page","link":"https:\/\/contemplatemoroccotravel.com\/de\/treffen-mit-einheimischen-ein-tag-mit-einem-maalam\/","title":{"rendered":"Treffen mit Einheimischen: Ein Tag mit einem Maalam"},"content":{"rendered":"\t\t<div data-elementor-type=\"wp-page\" data-elementor-id=\"3033\" class=\"elementor elementor-3033\" data-elementor-post-type=\"page\">\n\t\t\t\t<div data-particle_enable=\"false\" data-particle-mobile-disabled=\"false\" class=\"elementor-element elementor-element-6416c13 e-flex e-con-boxed e-con e-parent\" data-id=\"6416c13\" data-element_type=\"container\" data-e-type=\"container\" data-settings=\"{&quot;background_background&quot;:&quot;classic&quot;}\">\n\t\t\t\t\t<div class=\"e-con-inner\">\n\t\t\t\t<div class=\"elementor-element elementor-element-4802083c elementor-widget__width-inherit elementor-invisible elementor-widget elementor-widget-heading\" data-id=\"4802083c\" data-element_type=\"widget\" data-e-type=\"widget\" data-settings=\"{&quot;_animation&quot;:&quot;fadeIn&quot;,&quot;ekit_we_effect_on&quot;:&quot;none&quot;}\" data-widget_type=\"heading.default\">\n\t\t\t\t<div class=\"elementor-widget-container\">\n\t\t\t\t\t<h2 class=\"elementor-heading-title elementor-size-default\">Treffen mit Einheimischen: Ein Tag mit einem Maalam<\/h2>\t\t\t\t<\/div>\n\t\t\t\t<\/div>\n\t\t\t\t<div class=\"elementor-element elementor-element-359ecef7 elementor-icon-list--layout-inline elementor-align-center elementor-list-item-link-full_width elementor-invisible elementor-widget elementor-widget-icon-list\" data-id=\"359ecef7\" data-element_type=\"widget\" data-e-type=\"widget\" data-settings=\"{&quot;_animation&quot;:&quot;fadeIn&quot;,&quot;_animation_delay&quot;:200,&quot;ekit_we_effect_on&quot;:&quot;none&quot;}\" data-widget_type=\"icon-list.default\">\n\t\t\t\t<div class=\"elementor-widget-container\">\n\t\t\t\t\t\t\t<ul class=\"elementor-icon-list-items elementor-inline-items\">\n\t\t\t\t\t\t\t<li class=\"elementor-icon-list-item elementor-inline-item\">\n\t\t\t\t\t\t\t\t\t\t\t<a href=\"https:\/\/contemplatemoroccotravel.com\/de\/\">\n\n\t\t\t\t\t\t\t\t\t\t\t<span class=\"elementor-icon-list-text\">Home<\/span>\n\t\t\t\t\t\t\t\t\t\t\t<\/a>\n\t\t\t\t\t\t\t\t\t<\/li>\n\t\t\t\t\t\t\t\t<li class=\"elementor-icon-list-item elementor-inline-item\">\n\t\t\t\t\t\t\t\t\t\t\t<a href=\"https:\/\/contemplatemoroccotravel.com\/de\/erlebnisse\/\">\n\n\t\t\t\t\t\t\t\t\t\t\t\t<span class=\"elementor-icon-list-icon\">\n\t\t\t\t\t\t\t<i aria-hidden=\"true\" class=\"icon icon-right-arrow\"><\/i>\t\t\t\t\t\t<\/span>\n\t\t\t\t\t\t\t\t\t\t<span class=\"elementor-icon-list-text\">Erlebnisse<\/span>\n\t\t\t\t\t\t\t\t\t\t\t<\/a>\n\t\t\t\t\t\t\t\t\t<\/li>\n\t\t\t\t\t\t<\/ul>\n\t\t\t\t\t\t<\/div>\n\t\t\t\t<\/div>\n\t\t\t\t\t<\/div>\n\t\t\t\t<\/div>\n\t\t<div data-particle_enable=\"false\" data-particle-mobile-disabled=\"false\" class=\"elementor-element elementor-element-e5321a1 e-flex e-con-boxed e-con e-parent\" data-id=\"e5321a1\" data-element_type=\"container\" data-e-type=\"container\">\n\t\t\t\t\t<div class=\"e-con-inner\">\n\t\t<div data-particle_enable=\"false\" data-particle-mobile-disabled=\"false\" class=\"elementor-element elementor-element-f206b3e e-con-full e-flex e-con e-child\" data-id=\"f206b3e\" data-element_type=\"container\" data-e-type=\"container\">\n\t\t<div data-particle_enable=\"false\" data-particle-mobile-disabled=\"false\" class=\"elementor-element elementor-element-75b3b0c e-con-full e-flex elementor-invisible e-con e-child\" data-id=\"75b3b0c\" data-element_type=\"container\" data-e-type=\"container\" data-settings=\"{&quot;background_background&quot;:&quot;classic&quot;,&quot;animation&quot;:&quot;fadeIn&quot;}\">\n\t\t\t\t<div class=\"elementor-element elementor-element-06bc070 elementor-invisible elementor-widget elementor-widget-image\" data-id=\"06bc070\" data-element_type=\"widget\" data-e-type=\"widget\" data-settings=\"{&quot;_animation&quot;:&quot;fadeIn&quot;,&quot;_animation_delay&quot;:200,&quot;motion_fx_motion_fx_scrolling&quot;:&quot;yes&quot;,&quot;motion_fx_translateY_effect&quot;:&quot;yes&quot;,&quot;motion_fx_translateY_speed&quot;:{&quot;unit&quot;:&quot;px&quot;,&quot;size&quot;:1,&quot;sizes&quot;:[]},&quot;ekit_we_effect_on&quot;:&quot;none&quot;,&quot;motion_fx_translateY_affectedRange&quot;:{&quot;unit&quot;:&quot;%&quot;,&quot;size&quot;:&quot;&quot;,&quot;sizes&quot;:{&quot;start&quot;:0,&quot;end&quot;:100}},&quot;motion_fx_devices&quot;:[&quot;desktop&quot;,&quot;tablet&quot;,&quot;mobile&quot;]}\" data-widget_type=\"image.default\">\n\t\t\t\t<div class=\"elementor-widget-container\">\n\t\t\t\t\t\t\t\t\t\t\t\t\t\t\t<img fetchpriority=\"high\" decoding=\"async\" width=\"706\" height=\"1024\" src=\"https:\/\/contemplatemoroccotravel.com\/wp-content\/uploads\/2024\/11\/AJ103342-706x1024.jpg\" class=\"attachment-large size-large wp-image-2126\" alt=\"\" srcset=\"https:\/\/contemplatemoroccotravel.com\/wp-content\/uploads\/2024\/11\/AJ103342-706x1024.jpg 706w, https:\/\/contemplatemoroccotravel.com\/wp-content\/uploads\/2024\/11\/AJ103342-207x300.jpg 207w, https:\/\/contemplatemoroccotravel.com\/wp-content\/uploads\/2024\/11\/AJ103342-768x1113.jpg 768w, https:\/\/contemplatemoroccotravel.com\/wp-content\/uploads\/2024\/11\/AJ103342.jpg 867w\" sizes=\"(max-width: 706px) 100vw, 706px\" \/>\t\t\t\t\t\t\t\t\t\t\t\t\t\t\t<\/div>\n\t\t\t\t<\/div>\n\t\t\t\t<\/div>\n\t\t\t\t<\/div>\n\t\t<div data-particle_enable=\"false\" data-particle-mobile-disabled=\"false\" class=\"elementor-element elementor-element-b7200b8 e-con-full e-flex e-con e-child\" data-id=\"b7200b8\" data-element_type=\"container\" data-e-type=\"container\">\n\t\t\t\t<div class=\"elementor-element elementor-element-1a028d5 elementor-widget__width-inherit elementor-invisible elementor-widget elementor-widget-text-editor\" data-id=\"1a028d5\" data-element_type=\"widget\" data-e-type=\"widget\" data-settings=\"{&quot;_animation&quot;:&quot;fadeIn&quot;,&quot;ekit_we_effect_on&quot;:&quot;none&quot;}\" data-widget_type=\"text-editor.default\">\n\t\t\t\t<div class=\"elementor-widget-container\">\n\t\t\t\t\t\t\t\t\t<p>Treffen mit Einheimischen<\/p>\t\t\t\t\t\t\t\t<\/div>\n\t\t\t\t<\/div>\n\t\t\t\t<div class=\"elementor-element elementor-element-368f0f3 premium-title-color elementor-widget elementor-widget-premium-addon-title\" data-id=\"368f0f3\" data-element_type=\"widget\" data-e-type=\"widget\" data-settings=\"{&quot;ekit_we_effect_on&quot;:&quot;none&quot;}\" data-widget_type=\"premium-addon-title.default\">\n\t\t\t\t<div class=\"elementor-widget-container\">\n\t\t\t\t\t\r\n\t\t<div class=\"premium-title-container style1\">\r\n\t\t\t<h2 class=\"premium-title-header premium-title-style1\">\r\n\t\t\t\t\r\n\t\t\t\t\r\n\t\t\t\t\t\t\t\t\t\t\t\t<span class=\"premium-title-text\" >\r\n\t\t\t\t\tEin Tag mit einem Maalam\t\t\t\t<\/span>\r\n\t\t\t\t\t\r\n\t\t\t\t\t\t\t\t\t\t\t<\/h2>\r\n\t\t<\/div>\r\n\r\n\t\t\t\t\t\t<\/div>\n\t\t\t\t<\/div>\n\t\t\t\t<div class=\"elementor-element elementor-element-8b25794 elementor-invisible elementor-widget elementor-widget-text-editor\" data-id=\"8b25794\" data-element_type=\"widget\" data-e-type=\"widget\" data-settings=\"{&quot;_animation&quot;:&quot;fadeIn&quot;,&quot;_animation_delay&quot;:400,&quot;ekit_we_effect_on&quot;:&quot;none&quot;}\" data-widget_type=\"text-editor.default\">\n\t\t\t\t<div class=\"elementor-widget-container\">\n\t\t\t\t\t\t\t\t\t<div class=\"flex max-w-full flex-col flex-grow\"><div class=\"min-h-8 text-message flex w-full flex-col items-end gap-2 whitespace-normal break-words [.text-message+&amp;]:mt-5\" dir=\"auto\" data-message-author-role=\"assistant\" data-message-id=\"2f786b6d-0868-48ed-8f3a-79acd3f6d8cf\" data-message-model-slug=\"gpt-4o\"><div class=\"flex w-full flex-col gap-1 empty:hidden first:pt-[3px]\"><div class=\"markdown prose w-full break-words dark:prose-invert light\"><p>Das marokkanische Kunsthandwerk hat eine jahrhundertealte Tradition. Die Fertigkeiten werden \u00fcber Generationen hinweg weitergegeben. Verbringen Sie einen Tag mit einem Maalam, einem Meister des Kunsthandwerks. Er wird Sie durch den komplizierten Prozess der Herstellung von Zelligen Fliesen, Lederwaren oder Metallarbeiten f\u00fchren. Dieses Erlebnis bietet eine einzigartige Gelegenheit, nicht nur die Kunstfertigkeit aus n\u00e4chster N\u00e4he zu erleben, sondern auch mit den Menschen in Kontakt zu treten, die Marokkos reiches Erbe bewahren. Unabh\u00e4ngig davon, ob Sie in Fes, Marrakesch oder Rabat sind\u00a0: Diese Reise in die Welt des marokkanischen Kunsthandwerks wird Ihnen ein tieferes Verst\u00e4ndnis f\u00fcr das K\u00f6nnen und die Hingabe vermitteln, die hinter jedem handgefertigten Gegenstand stecken.<\/p><\/div><\/div><\/div><\/div>\t\t\t\t\t\t\t\t<\/div>\n\t\t\t\t<\/div>\n\t\t\t\t<div class=\"elementor-element elementor-element-fbb16a8 elementor-widget elementor-widget-heading\" data-id=\"fbb16a8\" data-element_type=\"widget\" data-e-type=\"widget\" data-settings=\"{&quot;ekit_we_effect_on&quot;:&quot;none&quot;}\" data-widget_type=\"heading.default\">\n\t\t\t\t<div class=\"elementor-widget-container\">\n\t\t\t\t\t<h6 class=\"elementor-heading-title elementor-size-default\">Beispielreise:<\/h6>\t\t\t\t<\/div>\n\t\t\t\t<\/div>\n\t\t\t\t<div class=\"elementor-element elementor-element-1af8291 elementor-invisible elementor-widget elementor-widget-text-editor\" data-id=\"1af8291\" data-element_type=\"widget\" data-e-type=\"widget\" data-settings=\"{&quot;_animation&quot;:&quot;fadeIn&quot;,&quot;_animation_delay&quot;:400,&quot;ekit_we_effect_on&quot;:&quot;none&quot;}\" data-widget_type=\"text-editor.default\">\n\t\t\t\t<div class=\"elementor-widget-container\">\n\t\t\t\t\t\t\t\t\t<div class=\"flex max-w-full flex-col flex-grow\"><div class=\"min-h-8 text-message flex w-full flex-col items-end gap-2 whitespace-normal break-words [.text-message+&amp;]:mt-5\" dir=\"auto\" data-message-author-role=\"assistant\" data-message-id=\"2f786b6d-0868-48ed-8f3a-79acd3f6d8cf\" data-message-model-slug=\"gpt-4o\"><div class=\"flex w-full flex-col gap-1 empty:hidden first:pt-[3px]\"><div class=\"markdown prose w-full break-words dark:prose-invert light\"><p>Verbringen Sie den Vormittag im Viertel der Kunsthandwerker. Sie treffen einen lokalen Maalam. Versuchen Sie sich unter seiner Anleitung an der Herstellung eines traditionellen marokkanischen Gegenstands. Vielleicht fertigen Sie eine Messinglaterne an oder Bemalen Fliesen. Genie\u00dfen Sie ein traditionelles Mittagessen in einem lokalen Caf\u00e9 und besuchen Sie anschlie\u00dfend einen nahe gelegenen Souk. Erkunden Sie die M\u00e4rkte auf denen die Erzeugnisse des Kunsthandwerks verkauft werden.<\/p><\/div><\/div><\/div><\/div>\t\t\t\t\t\t\t\t<\/div>\n\t\t\t\t<\/div>\n\t\t\t\t<\/div>\n\t\t\t\t\t<\/div>\n\t\t\t\t<\/div>\n\t\t<div data-particle_enable=\"false\" data-particle-mobile-disabled=\"false\" class=\"elementor-element elementor-element-90b557a e-flex e-con-boxed e-con e-parent\" data-id=\"90b557a\" data-element_type=\"container\" data-e-type=\"container\">\n\t\t\t\t\t<div class=\"e-con-inner\">\n\t\t\t\t<div class=\"elementor-element elementor-element-b130475 elementor-view-stacked elementor-shape-circle elementor-invisible elementor-widget elementor-widget-icon\" data-id=\"b130475\" data-element_type=\"widget\" data-e-type=\"widget\" data-settings=\"{&quot;_animation&quot;:&quot;fadeInDown&quot;,&quot;ekit_we_effect_on&quot;:&quot;none&quot;}\" data-widget_type=\"icon.default\">\n\t\t\t\t<div class=\"elementor-widget-container\">\n\t\t\t\t\t\t\t<div class=\"elementor-icon-wrapper\">\n\t\t\t<div class=\"elementor-icon\">\n\t\t\t<i aria-hidden=\"true\" class=\"icon icon-contact-form\"><\/i>\t\t\t<\/div>\n\t\t<\/div>\n\t\t\t\t\t\t<\/div>\n\t\t\t\t<\/div>\n\t\t\t\t<div class=\"elementor-element elementor-element-2b7e721 elementor-widget elementor-widget-heading\" data-id=\"2b7e721\" data-element_type=\"widget\" data-e-type=\"widget\" data-settings=\"{&quot;ekit_we_effect_on&quot;:&quot;none&quot;}\" data-widget_type=\"heading.default\">\n\t\t\t\t<div class=\"elementor-widget-container\">\n\t\t\t\t\t<h6 class=\"elementor-heading-title elementor-size-default\">Wir stehen Ihnen gerne f\u00fcr pers\u00f6nliche Gespr\u00e4che zur Verf\u00fcgung <br>unterst\u00fctzung und Buchungsdetails. <br>DEINE UNVERGESSLICHE REISE BEGINNT HIER!<\/h6>\t\t\t\t<\/div>\n\t\t\t\t<\/div>\n\t\t\t\t<div class=\"elementor-element elementor-element-375ef95 elementor-align-center elementor-invisible elementor-widget elementor-widget-button\" data-id=\"375ef95\" data-element_type=\"widget\" data-e-type=\"widget\" data-settings=\"{&quot;_animation&quot;:&quot;fadeIn&quot;,&quot;_animation_delay&quot;:400,&quot;ekit_we_effect_on&quot;:&quot;none&quot;}\" data-widget_type=\"button.default\">\n\t\t\t\t<div class=\"elementor-widget-container\">\n\t\t\t\t\t\t\t\t\t<div class=\"elementor-button-wrapper\">\n\t\t\t\t\t<a class=\"elementor-button elementor-button-link elementor-size-sm\" href=\"https:\/\/contemplatemoroccotravel.com\/de\/kontakt\/\">\n\t\t\t\t\t\t<span class=\"elementor-button-content-wrapper\">\n\t\t\t\t\t\t\t\t\t<span class=\"elementor-button-text\">Kontakt<\/span>\n\t\t\t\t\t<\/span>\n\t\t\t\t\t<\/a>\n\t\t\t\t<\/div>\n\t\t\t\t\t\t\t\t<\/div>\n\t\t\t\t<\/div>\n\t\t\t\t\t<\/div>\n\t\t\t\t<\/div>\n\t\t\t\t<\/div>\n\t\t","protected":false},"excerpt":{"rendered":"<p>Treffen mit Einheimischen: Ein Tag mit einem Maalam Home Erlebnisse Treffen mit Einheimischen Ein Tag mit einem Maalam Das marokkanische Kunsthandwerk hat eine jahrhundertealte Tradition. Die Fertigkeiten werden \u00fcber Generationen hinweg weitergegeben. Verbringen Sie einen Tag mit einem Maalam, einem Meister des Kunsthandwerks. Er wird Sie durch den komplizierten Prozess der Herstellung von Zelligen Fliesen, [&hellip;]<\/p>\n","protected":false},"author":1,"featured_media":0,"parent":0,"menu_order":0,"comment_status":"closed","ping_status":"closed","template":"elementor_header_footer","meta":{"_eb_attr":"","footnotes":""},"class_list":["post-3033","page","type-page","status-publish","hentry"],"_links":{"self":[{"href":"https:\/\/contemplatemoroccotravel.com\/de\/wp-json\/wp\/v2\/pages\/3033","targetHints":{"allow":["GET"]}}],"collection":[{"href":"https:\/\/contemplatemoroccotravel.com\/de\/wp-json\/wp\/v2\/pages"}],"about":[{"href":"https:\/\/contemplatemoroccotravel.com\/de\/wp-json\/wp\/v2\/types\/page"}],"author":[{"embeddable":true,"href":"https:\/\/contemplatemoroccotravel.com\/de\/wp-json\/wp\/v2\/users\/1"}],"replies":[{"embeddable":true,"href":"https:\/\/contemplatemoroccotravel.com\/de\/wp-json\/wp\/v2\/comments?post=3033"}],"version-history":[{"count":7,"href":"https:\/\/contemplatemoroccotravel.com\/de\/wp-json\/wp\/v2\/pages\/3033\/revisions"}],"predecessor-version":[{"id":3073,"href":"https:\/\/contemplatemoroccotravel.com\/de\/wp-json\/wp\/v2\/pages\/3033\/revisions\/3073"}],"wp:attachment":[{"href":"https:\/\/contemplatemoroccotravel.com\/de\/wp-json\/wp\/v2\/media?parent=3033"}],"curies":[{"name":"wp","href":"https:\/\/api.w.org\/{rel}","templated":true}]}}