{"id":3630,"date":"2024-11-02T11:05:00","date_gmt":"2024-11-02T11:05:00","guid":{"rendered":"https:\/\/contemplatemoroccotravel.com\/privacy-policy\/"},"modified":"2024-12-25T22:55:23","modified_gmt":"2024-12-25T22:55:23","slug":"privacy-policy","status":"publish","type":"page","link":"https:\/\/contemplatemoroccotravel.com\/fr\/privacy-policy\/","title":{"rendered":"Privacy Policy"},"content":{"rendered":"\t\t<div data-elementor-type=\"wp-page\" data-elementor-id=\"3630\" class=\"elementor elementor-3630\" data-elementor-post-type=\"page\">\n\t\t\t\t<div data-particle_enable=\"false\" data-particle-mobile-disabled=\"false\" class=\"elementor-element elementor-element-5947a598 e-flex e-con-boxed e-con e-parent\" data-id=\"5947a598\" data-element_type=\"container\" data-e-type=\"container\">\n\t\t\t\t\t<div class=\"e-con-inner\">\n\t\t\t\t<div class=\"elementor-element elementor-element-38b028ef elementor-widget elementor-widget-text-editor\" data-id=\"38b028ef\" data-element_type=\"widget\" data-e-type=\"widget\" data-settings=\"{&quot;ekit_we_effect_on&quot;:&quot;none&quot;}\" data-widget_type=\"text-editor.default\">\n\t\t\t\t<div class=\"elementor-widget-container\">\n\t\t\t\t\t\t\t\t\t<div data-particle_enable=\"false\" data-particle-mobile-disabled=\"false\" data-id=\"0cc2d12\" data-element_type=\"container\">\n<div>\n<div data-id=\"775390f\" data-element_type=\"widget\" data-settings=\"{&quot;ekit_we_effect_on&quot;:&quot;none&quot;}\" data-widget_type=\"heading.default\">\n<div>\n<h2>Politique de confidentialit\u00e9<\/h2>\n<\/div>\n<\/div>\n<\/div>\n<\/div>\n<div data-particle_enable=\"false\" data-particle-mobile-disabled=\"false\" data-id=\"6f7f202\" data-element_type=\"container\">\n<div>\n<div data-id=\"f8c5747\" data-element_type=\"widget\" data-settings=\"{&quot;ekit_we_effect_on&quot;:&quot;none&quot;}\" data-widget_type=\"heading.default\">\n<div>\n<h3>Date d&rsquo;entr\u00e9e en vigueur : 11 d\u00e9cembre 2019<\/h3>\n<\/div>\n<\/div>\n<\/div>\n<\/div>\n<div data-particle_enable=\"false\" data-particle-mobile-disabled=\"false\" data-id=\"fc38358\" data-element_type=\"container\">\n<div data-id=\"33aba01\" data-element_type=\"widget\" data-settings=\"{&quot;ekit_we_effect_on&quot;:&quot;none&quot;}\" data-widget_type=\"text-editor.default\">\n<div>\n<p>Contemplate morocco travel (\u00ab nous \u00bb, \u00ab nous \u00bb ou \u00ab notre \u00bb) exploite le site web http:\/\/contemplatemoroccotravel.com (ci-apr\u00e8s d\u00e9nomm\u00e9 le \u00ab Service \u00bb).<\/p>\n<p>Cette page vous informe de nos politiques concernant la collecte, l&rsquo;utilisation et la divulgation des donn\u00e9es personnelles lorsque vous utilisez notre Service et les choix que vous avez associ\u00e9s \u00e0 ces donn\u00e9es. Notre politique de confidentialit\u00e9 pour Contemplate morocco travel a \u00e9t\u00e9 cr\u00e9\u00e9e avec l&rsquo;aide du g\u00e9n\u00e9rateur de politique de confidentialit\u00e9 de PrivacyPolicies.com.<\/p>\n<p>Nous utilisons vos donn\u00e9es pour fournir et am\u00e9liorer le Service. En utilisant le Service, vous acceptez la collecte et l&rsquo;utilisation des informations conform\u00e9ment \u00e0 cette politique. Sauf d\u00e9finition contraire, les termes utilis\u00e9s dans la pr\u00e9sente politique de confidentialit\u00e9 ont la m\u00eame signification que dans nos conditions g\u00e9n\u00e9rales, accessibles \u00e0 l&rsquo;adresse http:\/\/contemplatemoroccotravel.com.<\/p>\n<p>Information Collection And Use<\/p>\n<\/div>\n<\/div>\n<div data-id=\"a4ffa59\" data-element_type=\"widget\" data-settings=\"{&quot;ekit_we_effect_on&quot;:&quot;none&quot;}\" data-widget_type=\"text-editor.default\">\n<div>\n<p>We collect several different types of information for various purposes to provide and improve our Service to you.<\/p>\n<\/div>\n<\/div>\n<div data-id=\"9dbbad0\" data-element_type=\"widget\" data-settings=\"{&quot;ekit_we_effect_on&quot;:&quot;none&quot;}\" data-widget_type=\"heading.default\">\n<div>\n<h3>Types de donn\u00e9es collect\u00e9es<\/h3>\n<\/div>\n<\/div>\n<div data-id=\"c8e1c26\" data-element_type=\"widget\" data-settings=\"{&quot;ekit_we_effect_on&quot;:&quot;none&quot;}\" data-widget_type=\"heading.default\">\n<div>\n<h6>Donn\u00e9es personnelles<\/h6>\n<\/div>\n<\/div>\n<div data-id=\"8e5a5a9\" data-element_type=\"widget\" data-settings=\"{&quot;ekit_we_effect_on&quot;:&quot;none&quot;}\" data-widget_type=\"text-editor.default\">\n<div>\n<p>Lors de l&rsquo;utilisation de notre service, nous pouvons vous demander de nous fournir certaines informations personnellement identifiables qui peuvent \u00eatre utilis\u00e9es pour vous contacter ou vous identifier (\u00ab donn\u00e9es personnelles \u00bb). Les donn\u00e9es personnelles identifiables peuvent inclure, mais ne sont pas limit\u00e9es \u00e0 :<\/p>\n<ul>\n<li>Adresse \u00e9lectronique<\/li>\n<li>Pr\u00e9nom et nom<\/li>\n<li>Num\u00e9ro de t\u00e9l\u00e9phone<\/li>\n<li>Adresse, \u00c9tat, Province, Code postal, Ville<\/li>\n<li>Cookies et donn\u00e9es d&rsquo;utilisation<\/li>\n<\/ul>\n<\/div>\n<\/div>\n<div data-id=\"508b1ad\" data-element_type=\"widget\" data-settings=\"{&quot;ekit_we_effect_on&quot;:&quot;none&quot;}\" data-widget_type=\"heading.default\">\n<div>\n<h6>Donn\u00e9es d&rsquo;utilisation<\/h6>\n<\/div>\n<\/div>\n<div data-id=\"7fa8abe\" data-element_type=\"widget\" data-settings=\"{&quot;ekit_we_effect_on&quot;:&quot;none&quot;}\" data-widget_type=\"text-editor.default\">\n<div>\n<p>Nous pouvons \u00e9galement recueillir des informations sur la mani\u00e8re dont le service est consult\u00e9 et utilis\u00e9 (\u00ab\u00a0donn\u00e9es d&rsquo;utilisation\u00a0\u00bb). Ces donn\u00e9es d&rsquo;utilisation peuvent inclure des informations telles que l&rsquo;adresse IP de votre ordinateur, le type et la version de votre navigateur, les pages de notre service que vous visitez, l&rsquo;heure et la date de votre visite, le temps pass\u00e9 sur ces pages, les identifiants uniques de votre appareil et d&rsquo;autres donn\u00e9es de diagnostic.<\/p>\n<\/div>\n<\/div>\n<div data-id=\"fcb25dc\" data-element_type=\"widget\" data-settings=\"{&quot;ekit_we_effect_on&quot;:&quot;none&quot;}\" data-widget_type=\"heading.default\">\n<div>\n<h6>Donn\u00e9es sur le suivi et les cookies<\/h6>\n<\/div>\n<\/div>\n<div data-id=\"902f6f2\" data-element_type=\"widget\" data-settings=\"{&quot;ekit_we_effect_on&quot;:&quot;none&quot;}\" data-widget_type=\"text-editor.default\">\n<div>\n<p>Nous utilisons des cookies et des technologies de suivi similaires pour suivre l&rsquo;activit\u00e9 sur notre service et conserver certaines informations.<\/p>\n<p>Les cookies sont des fichiers contenant une petite quantit\u00e9 de donn\u00e9es qui peuvent inclure un identifiant unique anonyme. Les cookies sont envoy\u00e9s \u00e0 votre navigateur par un site web et stock\u00e9s sur votre appareil. Les technologies de suivi \u00e9galement utilis\u00e9es sont les balises, les tags et les scripts pour collecter et suivre les informations et pour am\u00e9liorer et analyser notre service.<\/p>\n<p>Vous pouvez configurer votre navigateur pour qu&rsquo;il refuse tous les cookies ou pour qu&rsquo;il vous indique quand un cookie est envoy\u00e9. Toutefois, si vous n&rsquo;acceptez pas les cookies, il se peut que vous ne puissiez pas utiliser certaines parties de notre service. Pour en savoir plus sur la gestion des cookies, consultez le <a href=\"https:\/\/privacypolicies.com\/blog\/how-to-delete-cookies\/\">Guide des cookies du navigateur<\/a>.<\/p>\n<p>Exemples de cookies que nous utilisons :<\/p>\n<ul>\n<li>\n<div data-widget_type=\"text-editor.default\" data-settings=\"{&quot;ekit_we_effect_on&quot;:&quot;none&quot;}\" data-element_type=\"widget\" data-id=\"902f6f2\">\n<div>\n<ul>\n<li><strong>Cookies de session :<\/strong>nous utilisons des cookies de session pour faire fonctionner notre service.<\/li>\n<li><strong>Cookies de<\/strong>pr\u00e9f\u00e9rence : Nous utilisons des cookies de pr\u00e9f\u00e9rence pour m\u00e9moriser vos pr\u00e9f\u00e9rences et divers param\u00e8tres.<\/li>\n<li><strong>Cookies de s\u00e9curit\u00e9 :<\/strong>nous utilisons des cookies de s\u00e9curit\u00e9 \u00e0 des fins de s\u00e9curit\u00e9.<\/li>\n<\/ul>\n<\/div>\n<\/div>\n<\/li>\n<\/ul>\n<\/div>\n<\/div>\n<div data-id=\"c8dc163\" data-element_type=\"widget\" data-settings=\"{&quot;ekit_we_effect_on&quot;:&quot;none&quot;}\" data-widget_type=\"text-editor.default\">\n<div>\n<h6>Utilisation des donn\u00e9es<\/h6>\n<p>Contemplate morocco travel utilise les donn\u00e9es collect\u00e9es \u00e0 diverses fins :<\/p>\n<ul>\n<li>Fournir et maintenir le service<\/li>\n<li>vous informer des modifications apport\u00e9es \u00e0 notre service<\/li>\n<li>pour vous permettre de participer aux fonctions interactives de notre service lorsque vous choisissez de le faire<\/li>\n<li>fournir un service d&rsquo;assistance \u00e0 la client\u00e8le<\/li>\n<li>Fournir des analyses ou des informations pr\u00e9cieuses afin que nous puissions am\u00e9liorer le service<\/li>\n<li>Contr\u00f4ler l&rsquo;utilisation du service<\/li>\n<li>d\u00e9tecter, pr\u00e9venir et traiter les probl\u00e8mes techniques<\/li>\n<\/ul>\n<\/div>\n<\/div>\n<div data-id=\"02ab172\" data-element_type=\"widget\" data-settings=\"{&quot;ekit_we_effect_on&quot;:&quot;none&quot;}\" data-widget_type=\"heading.default\">\n<div>\n<h3>Transfert de donn\u00e9es<\/h3>\n<\/div>\n<\/div>\n<div data-id=\"bb9b19f\" data-element_type=\"widget\" data-settings=\"{&quot;ekit_we_effect_on&quot;:&quot;none&quot;}\" data-widget_type=\"text-editor.default\">\n<div>\n<div data-widget_type=\"text-editor.default\" data-settings=\"{&quot;ekit_we_effect_on&quot;:&quot;none&quot;}\" data-element_type=\"widget\" data-id=\"bb9b19f\">\n<div>\n<p>Vos informations, y compris les Donn\u00e9es Personnelles, peuvent \u00eatre transf\u00e9r\u00e9es et conserv\u00e9es sur des ordinateurs situ\u00e9s en dehors de votre \u00e9tat, province, pays ou autre juridiction gouvernementale o\u00f9 les lois sur la protection des donn\u00e9es peuvent diff\u00e9rer de celles de votre juridiction.<\/p>\n<p>Si vous \u00eates situ\u00e9 en dehors du Maroc et que vous choisissez de nous fournir des informations, veuillez noter que nous transf\u00e9rons les donn\u00e9es, y compris les Donn\u00e9es Personnelles, au Maroc et que nous les traitons dans ce pays.<\/p>\n<p>Votre consentement \u00e0 cette politique de confidentialit\u00e9 suivi de votre soumission de ces informations repr\u00e9sente votre accord \u00e0 ce transfert.<\/p>\n<p>Contemplate morocco travel prendra toutes les mesures raisonnablement n\u00e9cessaires pour s&rsquo;assurer que vos donn\u00e9es sont trait\u00e9es en toute s\u00e9curit\u00e9 et conform\u00e9ment \u00e0 la pr\u00e9sente politique de confidentialit\u00e9 et aucun transfert de vos donn\u00e9es personnelles n&rsquo;aura lieu vers une organisation ou un pays \u00e0 moins qu&rsquo;il n&rsquo;y ait des contr\u00f4les ad\u00e9quats en place, y compris la s\u00e9curit\u00e9 de vos donn\u00e9es et d&rsquo;autres informations personnelles.<\/p>\n<\/div>\n<\/div>\n<div data-widget_type=\"heading.default\" data-settings=\"{&quot;ekit_we_effect_on&quot;:&quot;none&quot;}\" data-element_type=\"widget\" data-id=\"03473d6\">\n<div>\n<h3>&nbsp;<\/h3>\n<\/div>\n<\/div>\n<h3>Divulgation des donn\u00e9es<\/h3>\n<\/div>\n<\/div>\n<div data-id=\"135a26f\" data-element_type=\"widget\" data-settings=\"{&quot;ekit_we_effect_on&quot;:&quot;none&quot;}\" data-widget_type=\"text-editor.default\">\n<div>\n<ul>\n<li>\n<h6>Exigences l\u00e9gales<\/h6>\n<\/li>\n<\/ul>\n<p>Contemplate morocco travel peut divulguer vos donn\u00e9es personnelles en croyant de bonne foi qu&rsquo;une telle action est n\u00e9cessaire pour :<\/p>\n<ul>\n<li>\n<div data-widget_type=\"text-editor.default\" data-settings=\"{&quot;ekit_we_effect_on&quot;:&quot;none&quot;}\" data-element_type=\"widget\" data-id=\"135a26f\">\n<div>\n<ul>\n<li>Pour se conformer \u00e0 une obligation l\u00e9gale<\/li>\n<li>Prot\u00e9ger et d\u00e9fendre les droits ou la propri\u00e9t\u00e9 de Contemplate morocco travel<\/li>\n<li>Pr\u00e9venir ou enqu\u00eater sur d&rsquo;\u00e9ventuels actes r\u00e9pr\u00e9hensibles en relation avec le Service<\/li>\n<li>prot\u00e9ger la s\u00e9curit\u00e9 personnelle des utilisateurs du service ou du public<\/li>\n<li>pour se pr\u00e9munir contre toute responsabilit\u00e9 juridique<\/li>\n<\/ul>\n<\/div>\n<\/div>\n<\/li>\n<\/ul>\n<\/div>\n<\/div>\n<div data-id=\"e5336a7\" data-element_type=\"widget\" data-settings=\"{&quot;ekit_we_effect_on&quot;:&quot;none&quot;}\" data-widget_type=\"text-editor.default\">\n<ul>\n<li>\n<h6>Security Of Data<\/h6>\n<\/li>\n<\/ul>\n<p>La s\u00e9curit\u00e9 de vos donn\u00e9es est importante pour nous, mais n&rsquo;oubliez pas qu&rsquo;aucune m\u00e9thode de transmission sur Internet ou de stockage \u00e9lectronique n&rsquo;est s\u00fbre \u00e0 100 %. Bien que nous nous efforcions d&rsquo;utiliser des moyens commercialement acceptables pour prot\u00e9ger vos donn\u00e9es personnelles, nous ne pouvons pas garantir leur s\u00e9curit\u00e9 absolue.<\/p>\n<\/div>\n<div data-id=\"a941df9\" data-element_type=\"widget\" data-settings=\"{&quot;ekit_we_effect_on&quot;:&quot;none&quot;}\" data-widget_type=\"heading.default\">\n<div>\n<h3>Prestataires de services<\/h3>\n<\/div>\n<\/div>\n<div data-id=\"353aa00\" data-element_type=\"widget\" data-settings=\"{&quot;ekit_we_effect_on&quot;:&quot;none&quot;}\" data-widget_type=\"text-editor.default\">\n<div>\n<div data-widget_type=\"text-editor.default\" data-settings=\"{&quot;ekit_we_effect_on&quot;:&quot;none&quot;}\" data-element_type=\"widget\" data-id=\"353aa00\">\n<div>\n<p>Nous pouvons employer des soci\u00e9t\u00e9s et des personnes tierces pour faciliter notre service (\u00ab\u00a0fournisseurs de services\u00a0\u00bb), pour fournir le service en notre nom, pour effectuer des services li\u00e9s au service ou pour nous aider \u00e0 analyser la fa\u00e7on dont notre service est utilis\u00e9.<\/p>\n<p>Ces tiers n&rsquo;ont acc\u00e8s \u00e0 vos donn\u00e9es personnelles que pour effectuer ces t\u00e2ches en notre nom et sont tenus de ne pas les divulguer ou les utiliser \u00e0 d&rsquo;autres fins.<\/p>\n<\/div>\n<\/div>\n<div data-widget_type=\"heading.default\" data-settings=\"{&quot;ekit_we_effect_on&quot;:&quot;none&quot;}\" data-element_type=\"widget\" data-id=\"0235974\">\n<div>\n<h3>&nbsp;<\/h3>\n<\/div>\n<\/div>\n<h3>Liens vers d&rsquo;autres sites<\/h3>\n<\/div>\n<\/div>\n<div data-id=\"c004fbc\" data-element_type=\"widget\" data-settings=\"{&quot;ekit_we_effect_on&quot;:&quot;none&quot;}\" data-widget_type=\"text-editor.default\">\n<p>Notre service peut contenir des liens vers d&rsquo;autres sites qui ne sont pas exploit\u00e9s par nous. Si vous cliquez sur le lien d&rsquo;un tiers, vous serez dirig\u00e9 vers le site de ce tiers. Nous vous conseillons vivement de consulter la politique de confidentialit\u00e9 de chaque site que vous visitez.<\/p>\n<p>Nous n&rsquo;avons aucun contr\u00f4le et n&rsquo;assumons aucune responsabilit\u00e9 quant au contenu, aux politiques de confidentialit\u00e9 ou aux pratiques des sites ou services tiers.<\/p>\n<\/div>\n<div data-id=\"dc6049d\" data-element_type=\"widget\" data-settings=\"{&quot;ekit_we_effect_on&quot;:&quot;none&quot;}\" data-widget_type=\"heading.default\">\n<h3>Vie priv\u00e9e des enfants<\/h3>\n<\/div>\n<div data-id=\"5937852\" data-element_type=\"widget\" data-settings=\"{&quot;ekit_we_effect_on&quot;:&quot;none&quot;}\" data-widget_type=\"text-editor.default\">\n<p>Notre service ne s&rsquo;adresse pas aux personnes \u00e2g\u00e9es de moins de 18 ans (\u00ab enfants \u00bb).<\/p>\n<p>Nous ne recueillons pas sciemment d&rsquo;informations personnellement identifiables aupr\u00e8s de personnes \u00e2g\u00e9es de moins de 18 ans. Si vous \u00eates un parent ou un tuteur et que vous savez que votre enfant nous a fourni des donn\u00e9es personnelles, veuillez nous contacter. Si nous apprenons que nous avons collect\u00e9 des donn\u00e9es personnelles aupr\u00e8s d&rsquo;enfants sans v\u00e9rification du consentement parental, nous prenons des mesures pour supprimer ces informations de nos serveurs.<\/p>\n<\/div>\n<div data-id=\"5603995\" data-element_type=\"widget\" data-settings=\"{&quot;ekit_we_effect_on&quot;:&quot;none&quot;}\" data-widget_type=\"heading.default\">\n<h3>Modifications de la pr\u00e9sente politique de confidentialit\u00e9<\/h3>\n<\/div>\n<div data-id=\"683b19b\" data-element_type=\"widget\" data-settings=\"{&quot;ekit_we_effect_on&quot;:&quot;none&quot;}\" data-widget_type=\"text-editor.default\">\n<p>Nous pouvons mettre \u00e0 jour notre politique de confidentialit\u00e9 de temps \u00e0 autre. Nous vous informerons de toute modification en publiant la nouvelle politique de confidentialit\u00e9 sur cette page.<\/p>\n<p>Nous vous en informerons par courrier \u00e9lectronique et\/ou par un avis bien visible sur notre service, avant que la modification n&rsquo;entre en vigueur et nous mettrons \u00e0 jour la \u00ab date d&rsquo;entr\u00e9e en vigueur \u00bb en haut de la pr\u00e9sente politique de protection de la vie priv\u00e9e.<\/p>\n<p>Nous vous conseillons de consulter r\u00e9guli\u00e8rement la pr\u00e9sente politique de protection de la vie priv\u00e9e pour prendre connaissance d&rsquo;\u00e9ventuelles modifications. Les modifications apport\u00e9es \u00e0 la pr\u00e9sente politique de confidentialit\u00e9 entrent en vigueur lorsqu&rsquo;elles sont publi\u00e9es sur cette page.<\/p>\n<h5>Nous contacter<\/h5>\n<\/div>\n<div data-id=\"a9e620e\" data-element_type=\"widget\" data-settings=\"{&quot;ekit_we_effect_on&quot;:&quot;none&quot;}\" data-widget_type=\"text-editor.default\">\n<p>Si vous avez des questions concernant cette politique de confidentialit\u00e9, veuillez nous contacter :<\/p>\n<ul>\n<li>Par courrier \u00e9lectronique : contact@contemplatmoroccotravel.com<\/li>\n<li>En visitant cette page sur notre site web : http:\/\/contemplatemoroccotravel.com\/<\/li>\n<li>Par t\u00e9l\u00e9phone : +212.617.50.60.70<\/li>\n<li>Par courrier : Massira 1 C &#8211; N\u00b0 530. Appt 16, 4000 Marrakech. Maroc<\/li>\n<\/ul>\n<\/div>\n<\/div>\t\t\t\t\t\t\t\t<\/div>\n\t\t\t\t<\/div>\n\t\t\t\t\t<\/div>\n\t\t\t\t<\/div>\n\t\t\t\t<\/div>\n\t\t","protected":false},"excerpt":{"rendered":"<p>Politique de confidentialit\u00e9 Date d&rsquo;entr\u00e9e en vigueur : 11 d\u00e9cembre 2019 Contemplate morocco travel (\u00ab nous \u00bb, \u00ab nous \u00bb ou \u00ab notre \u00bb) exploite le site web http:\/\/contemplatemoroccotravel.com (ci-apr\u00e8s d\u00e9nomm\u00e9 le \u00ab Service \u00bb). Cette page vous informe de nos politiques concernant la collecte, l&rsquo;utilisation et la divulgation des donn\u00e9es personnelles lorsque vous utilisez [&hellip;]<\/p>\n","protected":false},"author":1,"featured_media":0,"parent":0,"menu_order":0,"comment_status":"closed","ping_status":"open","template":"","meta":{"_eb_attr":"","footnotes":""},"class_list":["post-3630","page","type-page","status-publish","hentry"],"_links":{"self":[{"href":"https:\/\/contemplatemoroccotravel.com\/fr\/wp-json\/wp\/v2\/pages\/3630","targetHints":{"allow":["GET"]}}],"collection":[{"href":"https:\/\/contemplatemoroccotravel.com\/fr\/wp-json\/wp\/v2\/pages"}],"about":[{"href":"https:\/\/contemplatemoroccotravel.com\/fr\/wp-json\/wp\/v2\/types\/page"}],"author":[{"embeddable":true,"href":"https:\/\/contemplatemoroccotravel.com\/fr\/wp-json\/wp\/v2\/users\/1"}],"replies":[{"embeddable":true,"href":"https:\/\/contemplatemoroccotravel.com\/fr\/wp-json\/wp\/v2\/comments?post=3630"}],"version-history":[{"count":28,"href":"https:\/\/contemplatemoroccotravel.com\/fr\/wp-json\/wp\/v2\/pages\/3630\/revisions"}],"predecessor-version":[{"id":3824,"href":"https:\/\/contemplatemoroccotravel.com\/fr\/wp-json\/wp\/v2\/pages\/3630\/revisions\/3824"}],"wp:attachment":[{"href":"https:\/\/contemplatemoroccotravel.com\/fr\/wp-json\/wp\/v2\/media?parent=3630"}],"curies":[{"name":"wp","href":"https:\/\/api.w.org\/{rel}","templated":true}]}}