{"id":3656,"date":"2024-11-19T21:43:56","date_gmt":"2024-11-19T21:43:56","guid":{"rendered":"https:\/\/contemplatemoroccotravel.com\/experiences\/"},"modified":"2024-12-25T21:42:06","modified_gmt":"2024-12-25T21:42:06","slug":"experiences","status":"publish","type":"page","link":"https:\/\/contemplatemoroccotravel.com\/fr\/experiences\/","title":{"rendered":"Exp\u00e9riences"},"content":{"rendered":"\t\t<div data-elementor-type=\"wp-page\" data-elementor-id=\"3656\" class=\"elementor elementor-3656\" data-elementor-post-type=\"page\">\n\t\t\t\t<div data-particle_enable=\"false\" data-particle-mobile-disabled=\"false\" class=\"elementor-element elementor-element-6a471ca e-flex e-con-boxed e-con e-parent\" data-id=\"6a471ca\" data-element_type=\"container\" data-e-type=\"container\" data-settings=\"{&quot;background_background&quot;:&quot;classic&quot;}\">\n\t\t\t\t\t<div class=\"e-con-inner\">\n\t\t\t\t<div class=\"elementor-element elementor-element-40d4a5e elementor-widget__width-inherit elementor-invisible elementor-widget elementor-widget-heading\" data-id=\"40d4a5e\" data-element_type=\"widget\" data-e-type=\"widget\" data-settings=\"{&quot;_animation&quot;:&quot;fadeIn&quot;,&quot;ekit_we_effect_on&quot;:&quot;none&quot;}\" data-widget_type=\"heading.default\">\n\t\t\t\t<div class=\"elementor-widget-container\">\n\t\t\t\t\t<h2 class=\"elementor-heading-title elementor-size-default\">Exp\u00e9riences<\/h2>\t\t\t\t<\/div>\n\t\t\t\t<\/div>\n\t\t\t\t<div class=\"elementor-element elementor-element-456ef8d elementor-icon-list--layout-inline elementor-align-center elementor-list-item-link-full_width elementor-invisible elementor-widget elementor-widget-icon-list\" data-id=\"456ef8d\" data-element_type=\"widget\" data-e-type=\"widget\" data-settings=\"{&quot;_animation&quot;:&quot;fadeIn&quot;,&quot;_animation_delay&quot;:200,&quot;ekit_we_effect_on&quot;:&quot;none&quot;}\" data-widget_type=\"icon-list.default\">\n\t\t\t\t<div class=\"elementor-widget-container\">\n\t\t\t\t\t\t\t<ul class=\"elementor-icon-list-items elementor-inline-items\">\n\t\t\t\t\t\t\t<li class=\"elementor-icon-list-item elementor-inline-item\">\n\t\t\t\t\t\t\t\t\t\t\t<a href=\"https:\/\/contemplatemoroccotravel.com\/\">\n\n\t\t\t\t\t\t\t\t\t\t\t<span class=\"elementor-icon-list-text\">Home<\/span>\n\t\t\t\t\t\t\t\t\t\t\t<\/a>\n\t\t\t\t\t\t\t\t\t<\/li>\n\t\t\t\t\t\t\t\t<li class=\"elementor-icon-list-item elementor-inline-item\">\n\t\t\t\t\t\t\t\t\t\t\t<a href=\"https:\/\/contemplatemoroccotravel.com\/fr\/experiences\/\">\n\n\t\t\t\t\t\t\t\t\t\t\t\t<span class=\"elementor-icon-list-icon\">\n\t\t\t\t\t\t\t<i aria-hidden=\"true\" class=\"icon icon-right-arrow\"><\/i>\t\t\t\t\t\t<\/span>\n\t\t\t\t\t\t\t\t\t\t<span class=\"elementor-icon-list-text\">Exp\u00e9riences<\/span>\n\t\t\t\t\t\t\t\t\t\t\t<\/a>\n\t\t\t\t\t\t\t\t\t<\/li>\n\t\t\t\t\t\t<\/ul>\n\t\t\t\t\t\t<\/div>\n\t\t\t\t<\/div>\n\t\t\t\t\t<\/div>\n\t\t\t\t<\/div>\n\t\t<div data-particle_enable=\"false\" data-particle-mobile-disabled=\"false\" class=\"elementor-element elementor-element-4bd99de e-flex e-con-boxed e-con e-parent\" data-id=\"4bd99de\" data-element_type=\"container\" data-e-type=\"container\">\n\t\t\t\t\t<div class=\"e-con-inner\">\n\t\t<div data-particle_enable=\"false\" data-particle-mobile-disabled=\"false\" class=\"elementor-element elementor-element-72c1652 e-con-full e-flex e-con e-child\" data-id=\"72c1652\" data-element_type=\"container\" data-e-type=\"container\">\n\t\t<div data-particle_enable=\"false\" data-particle-mobile-disabled=\"false\" class=\"elementor-element elementor-element-b692131 e-con-full e-flex elementor-invisible e-con e-child\" data-id=\"b692131\" data-element_type=\"container\" data-e-type=\"container\" data-settings=\"{&quot;background_background&quot;:&quot;classic&quot;,&quot;animation&quot;:&quot;fadeIn&quot;}\">\n\t\t\t\t<div class=\"elementor-element elementor-element-87e3308 elementor-invisible elementor-widget elementor-widget-image\" data-id=\"87e3308\" data-element_type=\"widget\" data-e-type=\"widget\" data-settings=\"{&quot;_animation&quot;:&quot;fadeIn&quot;,&quot;_animation_delay&quot;:200,&quot;motion_fx_motion_fx_scrolling&quot;:&quot;yes&quot;,&quot;motion_fx_translateY_effect&quot;:&quot;yes&quot;,&quot;motion_fx_translateY_speed&quot;:{&quot;unit&quot;:&quot;px&quot;,&quot;size&quot;:1,&quot;sizes&quot;:[]},&quot;ekit_we_effect_on&quot;:&quot;none&quot;,&quot;motion_fx_translateY_affectedRange&quot;:{&quot;unit&quot;:&quot;%&quot;,&quot;size&quot;:&quot;&quot;,&quot;sizes&quot;:{&quot;start&quot;:0,&quot;end&quot;:100}},&quot;motion_fx_devices&quot;:[&quot;desktop&quot;,&quot;tablet&quot;,&quot;mobile&quot;]}\" data-widget_type=\"image.default\">\n\t\t\t\t<div class=\"elementor-widget-container\">\n\t\t\t\t\t\t\t\t\t\t\t\t\t\t\t<img fetchpriority=\"high\" decoding=\"async\" width=\"683\" height=\"1024\" src=\"https:\/\/contemplatemoroccotravel.com\/wp-content\/uploads\/2024\/11\/20-Marrakech-Doors-to-Make-You-Dream-of-Visiting-Morocco.jpeg\" class=\"attachment-large size-large wp-image-1525\" alt=\"\" srcset=\"https:\/\/contemplatemoroccotravel.com\/wp-content\/uploads\/2024\/11\/20-Marrakech-Doors-to-Make-You-Dream-of-Visiting-Morocco.jpeg 683w, https:\/\/contemplatemoroccotravel.com\/wp-content\/uploads\/2024\/11\/20-Marrakech-Doors-to-Make-You-Dream-of-Visiting-Morocco-200x300.jpeg 200w\" sizes=\"(max-width: 683px) 100vw, 683px\" \/>\t\t\t\t\t\t\t\t\t\t\t\t\t\t\t<\/div>\n\t\t\t\t<\/div>\n\t\t\t\t<\/div>\n\t\t\t\t<\/div>\n\t\t<div data-particle_enable=\"false\" data-particle-mobile-disabled=\"false\" class=\"elementor-element elementor-element-6184cea e-con-full e-flex e-con e-child\" data-id=\"6184cea\" data-element_type=\"container\" data-e-type=\"container\">\n\t\t\t\t<div class=\"elementor-element elementor-element-ce88481 premium-title-color elementor-widget elementor-widget-premium-addon-title\" data-id=\"ce88481\" data-element_type=\"widget\" data-e-type=\"widget\" data-settings=\"{&quot;ekit_we_effect_on&quot;:&quot;none&quot;}\" data-widget_type=\"premium-addon-title.default\">\n\t\t\t\t<div class=\"elementor-widget-container\">\n\t\t\t\t\t\r\n\t\t<div class=\"premium-title-container style1\">\r\n\t\t\t<h2 class=\"premium-title-header premium-title-style1\">\r\n\t\t\t\t\r\n\t\t\t\t\r\n\t\t\t\t\t\t\t\t\t\t\t\t<span class=\"premium-title-text\" >\r\n\t\t\t\t\tNous ne proposons pas de circuits...<br>Nous cr\u00e9ons des exp\u00e9riences qui changent la vie.\t\t\t\t<\/span>\r\n\t\t\t\t\t\r\n\t\t\t\t\t\t\t\t\t\t\t<\/h2>\r\n\t\t<\/div>\r\n\r\n\t\t\t\t\t\t<\/div>\n\t\t\t\t<\/div>\n\t\t\t\t<div class=\"elementor-element elementor-element-dcb7056 elementor-invisible elementor-widget elementor-widget-text-editor\" data-id=\"dcb7056\" data-element_type=\"widget\" data-e-type=\"widget\" data-settings=\"{&quot;_animation&quot;:&quot;fadeIn&quot;,&quot;_animation_delay&quot;:400,&quot;ekit_we_effect_on&quot;:&quot;none&quot;}\" data-widget_type=\"text-editor.default\">\n\t\t\t\t<div class=\"elementor-widget-container\">\n\t\t\t\t\t\t\t\t\t<div class=\"flex max-w-full flex-col flex-grow\"><div class=\"min-h-8 text-message flex w-full flex-col items-end gap-2 whitespace-normal break-words [.text-message+&amp;]:mt-5\" dir=\"auto\" data-message-author-role=\"assistant\" data-message-id=\"2f786b6d-0868-48ed-8f3a-79acd3f6d8cf\" data-message-model-slug=\"gpt-4o\"><div class=\"flex w-full flex-col gap-1 empty:hidden first:pt-[3px]\"><div class=\"markdown prose w-full break-words dark:prose-invert light\"><p>Chez <strong>Contemplate Morocco Travel<\/strong>, notre mission va au-del\u00e0 du tourisme conventionnel. Nous concevons des voyages transformateurs qui forgent des liens significatifs entre les voyageurs et l&rsquo;\u00e2me du Maroc. Nos exp\u00e9riences vous permettent de vous immerger dans la culture vibrante, la beaut\u00e9 naturelle et les traditions de ce pays remarquable, tout en favorisant des relations authentiques avec les communaut\u00e9s locales.<\/p><p>Nous croyons en un voyage responsable qui donne en retour. En collaborant avec les artisans, les guides et les communaut\u00e9s locales, nous nous assurons que votre voyage contribue au bien-\u00eatre des personnes qui rendent le Maroc si unique. Qu&rsquo;il s&rsquo;agisse d&rsquo;apprendre des m\u00e9tiers anciens, de soutenir des initiatives locales ou de partager des repas avec des familles dans un cadre traditionnel, nos exp\u00e9riences ont un impact positif qui perdure longtemps apr\u00e8s la fin de votre voyage.<\/p><p><strong>IL NE S&rsquo;AGIT PAS D&rsquo;UN SIMPLE VOYAGE, MAIS D&rsquo;UNE OCCASION DE NOUER DES LIENS PROFONDS, DE REPARTIR INSPIR\u00c9 ET DE FAIRE LA DIFF\u00c9RENCE.<\/strong><\/p><\/div><\/div><\/div><\/div>\t\t\t\t\t\t\t\t<\/div>\n\t\t\t\t<\/div>\n\t\t\t\t<\/div>\n\t\t\t\t\t<\/div>\n\t\t\t\t<\/div>\n\t\t<div data-particle_enable=\"false\" data-particle-mobile-disabled=\"false\" class=\"elementor-element elementor-element-251cef6c e-flex e-con-boxed e-con e-parent\" data-id=\"251cef6c\" data-element_type=\"container\" data-e-type=\"container\" data-settings=\"{&quot;background_background&quot;:&quot;classic&quot;}\">\n\t\t\t\t\t<div class=\"e-con-inner\">\n\t\t\t\t<div class=\"elementor-element elementor-element-1c13b098 elementor-widget__width-inherit elementor-invisible elementor-widget elementor-widget-text-editor\" data-id=\"1c13b098\" data-element_type=\"widget\" data-e-type=\"widget\" data-settings=\"{&quot;_animation&quot;:&quot;fadeIn&quot;,&quot;ekit_we_effect_on&quot;:&quot;none&quot;}\" data-widget_type=\"text-editor.default\">\n\t\t\t\t<div class=\"elementor-widget-container\">\n\t\t\t\t\t\t\t\t\t<p>Nos EXP\u00c9RIENCES<\/p>\t\t\t\t\t\t\t\t<\/div>\n\t\t\t\t<\/div>\n\t\t\t\t<div class=\"elementor-element elementor-element-0434343 premium-title-color elementor-widget elementor-widget-premium-addon-title\" data-id=\"0434343\" data-element_type=\"widget\" data-e-type=\"widget\" data-settings=\"{&quot;ekit_we_effect_on&quot;:&quot;none&quot;}\" data-widget_type=\"premium-addon-title.default\">\n\t\t\t\t<div class=\"elementor-widget-container\">\n\t\t\t\t\t\r\n\t\t<div class=\"premium-title-container style1\">\r\n\t\t\t<h2 class=\"premium-title-header premium-title-style1\">\r\n\t\t\t\t\r\n\t\t\t\t\r\n\t\t\t\t\t\t\t\t\t\t\t\t<span class=\"premium-title-text\" >\r\n\t\t\t\t\tExplorer l'essence de nos exp\u00e9riences\t\t\t\t<\/span>\r\n\t\t\t\t\t\r\n\t\t\t\t\t\t\t\t\t\t\t<\/h2>\r\n\t\t<\/div>\r\n\r\n\t\t\t\t\t\t<\/div>\n\t\t\t\t<\/div>\n\t\t\t\t\t<\/div>\n\t\t\t\t<\/div>\n\t\t<div data-particle_enable=\"false\" data-particle-mobile-disabled=\"false\" class=\"elementor-element elementor-element-86ec220 e-flex e-con-boxed e-con e-parent\" data-id=\"86ec220\" data-element_type=\"container\" data-e-type=\"container\">\n\t\t\t\t\t<div class=\"e-con-inner\">\n\t\t\t\t<div class=\"elementor-element elementor-element-c8c8853 elementor-widget elementor-widget-gum_ibox_carousel\" data-id=\"c8c8853\" data-element_type=\"widget\" data-e-type=\"widget\" data-settings=\"{&quot;ekit_we_effect_on&quot;:&quot;none&quot;}\" data-widget_type=\"gum_ibox_carousel.default\">\n\t\t\t\t<div class=\"elementor-widget-container\">\n\t\t\t\t\t<div id=\"mod_210\" class=\"owl-carousel-container\"><div class=\"grid-imboxs\"><div class=\"grid-box grid-col-3\"><div class=\"elementor-repeater-item-5e8b213 imb-box button-stylebottom\"><div class=\"blog-featureimage\" style=\"background-image: url('https:\/\/contemplatemoroccotravel.com\/wp-content\/uploads\/elementor\/thumbs\/Man-Working-In-Tannery-In-Fes-Morocco_-by-Stocksy-Contributor-_Alexander-Grabchilev_-qxb3drrm9eluo5kwx0zpv4fv4j5qv1m3v9wtn14ifg.jpeg');\"><img decoding=\"async\" src=\"https:\/\/contemplatemoroccotravel.com\/wp-content\/uploads\/elementor\/thumbs\/Man-Working-In-Tannery-In-Fes-Morocco_-by-Stocksy-Contributor-_Alexander-Grabchilev_-qxb3drrm9eluo5kwx0zpv4fv4j5qv1m3v9wtn14ifg.jpeg\" title=\"\" alt=\"\" \/><\/div><div class=\"imb-box-content\"><div class=\"imb-box-heading\">Histoire, art et culture : Un voyage dans le temps<\/div><div class=\"elementor-button-wrap\"><a class=\"elementor-button imbox-button elementor-button-link\" role=\"button\" href=\"https:\/\/contemplatemoroccotravel.com\/fr\/histoire-art-et-culture-un-voyage-dans-le-temps\/\">\r\n          <span class=\"elementor-button-content-wrapper\">\r\n            <span class=\"elementor-button-text\">D\u00c9COUVRIR<\/span>\r\n    <\/span>\r\n  <\/a><\/div><\/div><\/div><\/div><div class=\"grid-box grid-col-3\"><div class=\"elementor-repeater-item-5bc3c1c imb-box button-stylebottom\"><div class=\"blog-featureimage\" style=\"background-image: url('https:\/\/contemplatemoroccotravel.com\/wp-content\/uploads\/elementor\/thumbs\/Copy_of_DSCF1202_fljsu6-e1732056073910-qxb3iiu8t941d6of62xtgx9r8nqjryh96sn6ze2uz0.jpg');\"><img decoding=\"async\" src=\"https:\/\/contemplatemoroccotravel.com\/wp-content\/uploads\/elementor\/thumbs\/Copy_of_DSCF1202_fljsu6-e1732056073910-qxb3iiu8t941d6of62xtgx9r8nqjryh96sn6ze2uz0.jpg\" title=\"\" alt=\"\" \/><\/div><div class=\"imb-box-content\"><div class=\"imb-box-heading\">Aventure active : Lib\u00e9rez votre \u00e2me d\u2019explorateur <\/div><div class=\"elementor-button-wrap\"><a class=\"elementor-button imbox-button elementor-button-link\" role=\"button\" href=\"https:\/\/contemplatemoroccotravel.com\/fr\/aventure-active-liberez-votre-ame-dexplorateur\/\">\r\n          <span class=\"elementor-button-content-wrapper\">\r\n            <span class=\"elementor-button-text\">D\u00c9COUVRIR<\/span>\r\n    <\/span>\r\n  <\/a><\/div><\/div><\/div><\/div><div class=\"grid-box grid-col-3\"><div class=\"elementor-repeater-item-9985e4f imb-box button-stylebottom\"><div class=\"blog-featureimage\" style=\"background-image: url('https:\/\/contemplatemoroccotravel.com\/wp-content\/uploads\/elementor\/thumbs\/food-of-morocco1-scaled-qxb4ovggqj34gp5tvdyot8jermzwl0lvoesre7aamk.jpg');\"><img decoding=\"async\" src=\"https:\/\/contemplatemoroccotravel.com\/wp-content\/uploads\/elementor\/thumbs\/food-of-morocco1-scaled-qxb4ovggqj34gp5tvdyot8jermzwl0lvoesre7aamk.jpg\" title=\"\" alt=\"\" \/><\/div><div class=\"imb-box-content\"><div class=\"imb-box-heading\">Vins et gastronomie : Un festin pour les sens<\/div><div class=\"elementor-button-wrap\"><a class=\"elementor-button imbox-button elementor-button-link\" role=\"button\" href=\"https:\/\/contemplatemoroccotravel.com\/fr\/vins-et-gastronomie-un-festin-pour-les-sens\/\">\r\n          <span class=\"elementor-button-content-wrapper\">\r\n            <span class=\"elementor-button-text\">D\u00c9COUVRIR<\/span>\r\n    <\/span>\r\n  <\/a><\/div><\/div><\/div><\/div><\/div><\/div>\t\t\t\t<\/div>\n\t\t\t\t<\/div>\n\t\t\t\t\t<\/div>\n\t\t\t\t<\/div>\n\t\t<div data-particle_enable=\"false\" data-particle-mobile-disabled=\"false\" class=\"elementor-element elementor-element-6b3a710 e-flex e-con-boxed e-con e-parent\" data-id=\"6b3a710\" data-element_type=\"container\" data-e-type=\"container\">\n\t\t\t\t\t<div class=\"e-con-inner\">\n\t\t\t\t<div class=\"elementor-element elementor-element-6e45fa4 elementor-widget elementor-widget-gum_ibox_carousel\" data-id=\"6e45fa4\" data-element_type=\"widget\" data-e-type=\"widget\" data-settings=\"{&quot;ekit_we_effect_on&quot;:&quot;none&quot;}\" data-widget_type=\"gum_ibox_carousel.default\">\n\t\t\t\t<div class=\"elementor-widget-container\">\n\t\t\t\t\t<div id=\"mod_115\" class=\"owl-carousel-container\"><div class=\"grid-imboxs\"><div class=\"grid-box grid-col-3\"><div class=\"elementor-repeater-item-6a60abb imb-box button-stylebottom\"><div class=\"blog-featureimage\" style=\"background-image: url('https:\/\/contemplatemoroccotravel.com\/wp-content\/uploads\/elementor\/thumbs\/ACTIVITES-15-scaled_kdyr7h-qxb5bpx8ukd0nhz5grh8wyzqjse2o6b0hhmmbbete4.jpg');\"><img decoding=\"async\" src=\"https:\/\/contemplatemoroccotravel.com\/wp-content\/uploads\/elementor\/thumbs\/ACTIVITES-15-scaled_kdyr7h-qxb5bpx8ukd0nhz5grh8wyzqjse2o6b0hhmmbbete4.jpg\" title=\"\" alt=\"\" \/><\/div><div class=\"imb-box-content\"><div class=\"imb-box-heading\">Retraite et gu\u00e9rison : renouer avec son moi int\u00e9rieur<\/div><div class=\"elementor-button-wrap\"><a class=\"elementor-button imbox-button elementor-button-link\" role=\"button\" href=\"https:\/\/contemplatemoroccotravel.com\/fr\/retraite-et-guerison-renouer-avec-son-moi-interieur\/\">\r\n          <span class=\"elementor-button-content-wrapper\">\r\n            <span class=\"elementor-button-text\">D\u00c9COUVRIR<\/span>\r\n    <\/span>\r\n  <\/a><\/div><\/div><\/div><\/div><div class=\"grid-box grid-col-3\"><div class=\"elementor-repeater-item-97e40f6 imb-box button-stylebottom\"><div class=\"blog-featureimage\" style=\"background-image: url('https:\/\/contemplatemoroccotravel.com\/wp-content\/uploads\/elementor\/thumbs\/7631e1be-7593-4793-8f09-3ec45738e951-qxb3bt9q0txchefbcoip648akmt7tqu8lkzena11e4.jpeg');\"><img decoding=\"async\" src=\"https:\/\/contemplatemoroccotravel.com\/wp-content\/uploads\/elementor\/thumbs\/7631e1be-7593-4793-8f09-3ec45738e951-qxb3bt9q0txchefbcoip648akmt7tqu8lkzena11e4.jpeg\" title=\"\" alt=\"\" \/><\/div><div class=\"imb-box-content\"><div class=\"imb-box-heading\">Circuit photographique : Capturer l&#039;essence du Maroc<\/div><div class=\"elementor-button-wrap\"><a class=\"elementor-button imbox-button elementor-button-link\" role=\"button\" href=\"https:\/\/contemplatemoroccotravel.com\/fr\/circuit-photographique-capturer-lessence-du-maroc\/\">\r\n          <span class=\"elementor-button-content-wrapper\">\r\n            <span class=\"elementor-button-text\">D\u00c9COUVRIR<\/span>\r\n    <\/span>\r\n  <\/a><\/div><\/div><\/div><\/div><div class=\"grid-box grid-col-3\"><div class=\"elementor-repeater-item-56578b2 imb-box button-stylebottom\"><div class=\"blog-featureimage\" style=\"background-image: url('https:\/\/contemplatemoroccotravel.com\/wp-content\/uploads\/elementor\/thumbs\/AJ103342-qxohhvau07sou4vohso8fveoez5sld4cfzgzo52czw.jpg');\"><img decoding=\"async\" src=\"https:\/\/contemplatemoroccotravel.com\/wp-content\/uploads\/elementor\/thumbs\/AJ103342-qxohhvau07sou4vohso8fveoez5sld4cfzgzo52czw.jpg\" title=\"\" alt=\"\" \/><\/div><div class=\"imb-box-content\"><div class=\"imb-box-heading\">Rencontrez les locaux : Une journ\u00e9e avec un Maalam<\/div><div class=\"elementor-button-wrap\"><a class=\"elementor-button imbox-button elementor-button-link\" role=\"button\" href=\"https:\/\/contemplatemoroccotravel.com\/fr\/rencontrez-les-locaux-une-journee-avec-un-maalam\/\">\r\n          <span class=\"elementor-button-content-wrapper\">\r\n            <span class=\"elementor-button-text\">D\u00c9COUVRIR<\/span>\r\n    <\/span>\r\n  <\/a><\/div><\/div><\/div><\/div><\/div><\/div>\t\t\t\t<\/div>\n\t\t\t\t<\/div>\n\t\t\t\t\t<\/div>\n\t\t\t\t<\/div>\n\t\t\t\t<\/div>\n\t\t","protected":false},"excerpt":{"rendered":"<p>Exp\u00e9riences Home Exp\u00e9riences Nous ne proposons pas de circuits&#8230;Nous cr\u00e9ons des exp\u00e9riences qui changent la vie. Chez Contemplate Morocco Travel, notre mission va au-del\u00e0 du tourisme conventionnel. Nous concevons des voyages transformateurs qui forgent des liens significatifs entre les voyageurs et l&rsquo;\u00e2me du Maroc. Nos exp\u00e9riences vous permettent de vous immerger dans la culture vibrante, [&hellip;]<\/p>\n","protected":false},"author":1,"featured_media":0,"parent":0,"menu_order":0,"comment_status":"closed","ping_status":"closed","template":"elementor_header_footer","meta":{"_eb_attr":"","footnotes":""},"class_list":["post-3656","page","type-page","status-publish","hentry"],"_links":{"self":[{"href":"https:\/\/contemplatemoroccotravel.com\/fr\/wp-json\/wp\/v2\/pages\/3656","targetHints":{"allow":["GET"]}}],"collection":[{"href":"https:\/\/contemplatemoroccotravel.com\/fr\/wp-json\/wp\/v2\/pages"}],"about":[{"href":"https:\/\/contemplatemoroccotravel.com\/fr\/wp-json\/wp\/v2\/types\/page"}],"author":[{"embeddable":true,"href":"https:\/\/contemplatemoroccotravel.com\/fr\/wp-json\/wp\/v2\/users\/1"}],"replies":[{"embeddable":true,"href":"https:\/\/contemplatemoroccotravel.com\/fr\/wp-json\/wp\/v2\/comments?post=3656"}],"version-history":[{"count":34,"href":"https:\/\/contemplatemoroccotravel.com\/fr\/wp-json\/wp\/v2\/pages\/3656\/revisions"}],"predecessor-version":[{"id":3746,"href":"https:\/\/contemplatemoroccotravel.com\/fr\/wp-json\/wp\/v2\/pages\/3656\/revisions\/3746"}],"wp:attachment":[{"href":"https:\/\/contemplatemoroccotravel.com\/fr\/wp-json\/wp\/v2\/media?parent=3656"}],"curies":[{"name":"wp","href":"https:\/\/api.w.org\/{rel}","templated":true}]}}